{"id":1780,"date":"2023-12-22T17:03:23","date_gmt":"2023-12-22T17:03:23","guid":{"rendered":"https:\/\/altochacrascottage.com\/?page_id=1780"},"modified":"2026-02-02T17:47:33","modified_gmt":"2026-02-02T17:47:33","slug":"desayuno","status":"publish","type":"page","link":"https:\/\/altochacrascottage.com\/?page_id=1780","title":{"rendered":"Desayuno"},"content":{"rendered":"\t\t<div data-elementor-type=\"wp-page\" data-elementor-id=\"1780\" class=\"elementor elementor-1780\">\n\t\t\t\t\t\t<section class=\"elementor-section elementor-top-section elementor-element elementor-element-623ea53 elementor-section-boxed elementor-section-height-default elementor-section-height-default wpr-particle-no wpr-jarallax-no wpr-parallax-no wpr-sticky-section-no\" data-id=\"623ea53\" data-element_type=\"section\" data-settings=\"{&quot;background_background&quot;:&quot;classic&quot;}\">\n\t\t\t\t\t\t\t<div class=\"elementor-background-overlay\"><\/div>\n\t\t\t\t\t\t\t<div class=\"elementor-container elementor-column-gap-no\">\n\t\t\t\t\t<div class=\"elementor-column elementor-col-100 elementor-top-column elementor-element elementor-element-21ddeff\" data-id=\"21ddeff\" data-element_type=\"column\">\n\t\t\t<div class=\"elementor-widget-wrap elementor-element-populated\">\n\t\t\t\t\t\t<div class=\"elementor-element elementor-element-a09d3bc elementor-widget elementor-widget-heading\" data-id=\"a09d3bc\" data-element_type=\"widget\" data-widget_type=\"heading.default\">\n\t\t\t\t<div class=\"elementor-widget-container\">\n\t\t\t\t\t<h1 class=\"elementor-heading-title elementor-size-default\">DESAYUNO<\/h1>\t\t\t\t<\/div>\n\t\t\t\t<\/div>\n\t\t\t\t\t<\/div>\n\t\t<\/div>\n\t\t\t\t\t<\/div>\n\t\t<\/section>\n\t\t\t\t<section class=\"elementor-section elementor-top-section elementor-element elementor-element-e6eecd6 elementor-section-boxed elementor-section-height-default elementor-section-height-default wpr-particle-no wpr-jarallax-no wpr-parallax-no wpr-sticky-section-no\" data-id=\"e6eecd6\" data-element_type=\"section\" data-settings=\"{&quot;background_background&quot;:&quot;classic&quot;}\">\n\t\t\t\t\t\t\t<div class=\"elementor-background-overlay\"><\/div>\n\t\t\t\t\t\t\t<div class=\"elementor-container elementor-column-gap-no\">\n\t\t\t\t\t<div class=\"elementor-column elementor-col-100 elementor-top-column elementor-element elementor-element-75764c5\" data-id=\"75764c5\" data-element_type=\"column\">\n\t\t\t<div class=\"elementor-widget-wrap elementor-element-populated\">\n\t\t\t\t\t\t<div class=\"elementor-element elementor-element-a3030da elementor-widget elementor-widget-heading\" data-id=\"a3030da\" data-element_type=\"widget\" data-widget_type=\"heading.default\">\n\t\t\t\t<div class=\"elementor-widget-container\">\n\t\t\t\t\t<h6 class=\"elementor-heading-title elementor-size-default\">NUESTROS SERVICIOS<\/h6>\t\t\t\t<\/div>\n\t\t\t\t<\/div>\n\t\t\t\t<div class=\"elementor-element elementor-element-1dbc89b elementor-widget elementor-widget-heading\" data-id=\"1dbc89b\" data-element_type=\"widget\" data-widget_type=\"heading.default\">\n\t\t\t\t<div class=\"elementor-widget-container\">\n\t\t\t\t\t<h2 class=\"elementor-heading-title elementor-size-default\">DESAYUNO<\/h2>\t\t\t\t<\/div>\n\t\t\t\t<\/div>\n\t\t\t\t\t<\/div>\n\t\t<\/div>\n\t\t\t\t\t<\/div>\n\t\t<\/section>\n\t\t\t\t<section class=\"elementor-section elementor-top-section elementor-element elementor-element-2bb28e6 elementor-section-boxed elementor-section-height-default elementor-section-height-default wpr-particle-no wpr-jarallax-no wpr-parallax-no wpr-sticky-section-no\" data-id=\"2bb28e6\" data-element_type=\"section\">\n\t\t\t\t\t\t<div class=\"elementor-container elementor-column-gap-default\">\n\t\t\t\t\t<div class=\"elementor-column elementor-col-100 elementor-top-column elementor-element elementor-element-bda77b6\" data-id=\"bda77b6\" data-element_type=\"column\">\n\t\t\t<div class=\"elementor-widget-wrap elementor-element-populated\">\n\t\t\t\t\t\t<div class=\"elementor-element elementor-element-308ab94 elementor-widget elementor-widget-text-editor\" data-id=\"308ab94\" data-element_type=\"widget\" data-widget_type=\"text-editor.default\">\n\t\t\t\t<div class=\"elementor-widget-container\">\n\t\t\t\t\t\t\t\t\t<div><div>Te invitamos a disfrutar de un desayuno casero, variado y elaborado en su mayor\u00eda por nosotros, con productos de nuestra huerta y de productores regionales.<\/div><div><br><\/div><div>Nuestra propuesta va cambiando a lo largo de tu estad\u00eda para que cada ma\u00f1ana sea distinta, equilibrada y rica.<\/div><div><br><\/div><div>\ud83e\udd50 Comidas<\/div><div><span style=\"white-space: normal;\"><span style=\"white-space:pre\">\t<\/span>\u2022<span style=\"white-space:pre\">\t<\/span>Frutas frescas de estaci\u00f3n<\/span><\/div><div><span style=\"white-space: normal;\"><span style=\"white-space:pre\">\t<\/span>\u2022<span style=\"white-space:pre\">\t<\/span>Pan casero com\u00fan e integral<\/span><\/div><div><span style=\"white-space: normal;\"><span style=\"white-space:pre\">\t<\/span>\u2022<span style=\"white-space:pre\">\t<\/span>Tortitas mendocinas<\/span><\/div><div><span style=\"white-space: normal;\"><span style=\"white-space:pre\">\t<\/span>\u2022<span style=\"white-space:pre\">\t<\/span>Fiambres<\/span><\/div><div><span style=\"white-space: normal;\"><span style=\"white-space:pre\">\t<\/span>\u2022<span style=\"white-space:pre\">\t<\/span>Panificados dulces caseros (budines, brownies, tartas, etc.)<\/span><\/div><div><span style=\"white-space: normal;\"><span style=\"white-space:pre\">\t<\/span>\u2022<span style=\"white-space:pre\">\t<\/span>Cereales<\/span><\/div><div><span style=\"white-space: normal;\"><span style=\"white-space:pre\">\t<\/span>\u2022<span style=\"white-space:pre\">\t<\/span>Huevos revueltos<\/span><\/div><div><br><\/div><div>\u2615 Bebidas<\/div><div><span style=\"white-space: normal;\"><span style=\"white-space:pre\">\t<\/span>\u2022<span style=\"white-space:pre\">\t<\/span>Jugo de naranja natural<\/span><\/div><div><span style=\"white-space: normal;\"><span style=\"white-space:pre\">\t<\/span>\u2022<span style=\"white-space:pre\">\t<\/span>Agua saborizada<\/span><\/div><div><span style=\"white-space: normal;\"><span style=\"white-space:pre\">\t<\/span>\u2022<span style=\"white-space:pre\">\t<\/span>Caf\u00e9<\/span><\/div><div><span style=\"white-space: normal;\"><span style=\"white-space:pre\">\t<\/span>\u2022<span style=\"white-space:pre\">\t<\/span>Infusiones<\/span><\/div><div><span style=\"white-space: normal;\"><span style=\"white-space:pre\">\t<\/span>\u2022<span style=\"white-space:pre\">\t<\/span>Leche<\/span><\/div><div><span style=\"white-space: normal;\"><span style=\"white-space:pre\">\t<\/span>\u2022<span style=\"white-space:pre\">\t<\/span>Yogurt casero<\/span><\/div><div><br><\/div><div>Contamos tambi\u00e9n con opciones vegetarianas y sin TACC, avisando previamente para poder prepararlas.<\/div><div><br><\/div><div>* El desayuno est\u00e1 incluido en la tarifa de las habitaciones y Tiny House Pimienta.<\/div><div>* Opcional en Caba\u00f1a Crena.<\/div><\/div>\t\t\t\t\t\t\t\t<\/div>\n\t\t\t\t<\/div>\n\t\t\t\t\t<\/div>\n\t\t<\/div>\n\t\t\t\t\t<\/div>\n\t\t<\/section>\n\t\t\t\t<section class=\"elementor-section elementor-top-section elementor-element elementor-element-f54f666 elementor-section-boxed elementor-section-height-default elementor-section-height-default wpr-particle-no wpr-jarallax-no wpr-parallax-no wpr-sticky-section-no\" data-id=\"f54f666\" data-element_type=\"section\">\n\t\t\t\t\t\t<div class=\"elementor-container elementor-column-gap-default\">\n\t\t\t\t\t<div class=\"elementor-column elementor-col-25 elementor-top-column elementor-element elementor-element-e6ad390\" data-id=\"e6ad390\" data-element_type=\"column\">\n\t\t\t<div class=\"elementor-widget-wrap elementor-element-populated\">\n\t\t\t\t\t\t<div class=\"elementor-element elementor-element-ec051e5 elementor-widget elementor-widget-image\" data-id=\"ec051e5\" data-element_type=\"widget\" data-widget_type=\"image.default\">\n\t\t\t\t<div class=\"elementor-widget-container\">\n\t\t\t\t\t\t\t\t\t\t\t\t\t\t\t<img decoding=\"async\" src=\"https:\/\/altochacrascottage.com\/wp-content\/uploads\/elementor\/thumbs\/IMG_6683-scaled-r8td3d7rt5mqputw3ephkwwj51i94yfp88avhs5834.jpg\" title=\"IMG_6683\" alt=\"IMG_6683\" loading=\"lazy\" \/>\t\t\t\t\t\t\t\t\t\t\t\t\t\t\t<\/div>\n\t\t\t\t<\/div>\n\t\t\t\t\t<\/div>\n\t\t<\/div>\n\t\t\t\t<div class=\"elementor-column elementor-col-25 elementor-top-column elementor-element elementor-element-5f6dd9a\" data-id=\"5f6dd9a\" data-element_type=\"column\">\n\t\t\t<div class=\"elementor-widget-wrap elementor-element-populated\">\n\t\t\t\t\t\t<div class=\"elementor-element elementor-element-5615e3d elementor-widget elementor-widget-image\" data-id=\"5615e3d\" data-element_type=\"widget\" data-widget_type=\"image.default\">\n\t\t\t\t<div class=\"elementor-widget-container\">\n\t\t\t\t\t\t\t\t\t\t\t\t\t\t\t<img decoding=\"async\" src=\"https:\/\/altochacrascottage.com\/wp-content\/uploads\/elementor\/thumbs\/IMG_1410-scaled-r8td3qdigu4r8earyke9jtkzgfpe4pvxy1fo7nlpo0.jpg\" title=\"IMG_1410\" alt=\"IMG_1410\" loading=\"lazy\" \/>\t\t\t\t\t\t\t\t\t\t\t\t\t\t\t<\/div>\n\t\t\t\t<\/div>\n\t\t\t\t\t<\/div>\n\t\t<\/div>\n\t\t\t\t<div class=\"elementor-column elementor-col-25 elementor-top-column elementor-element elementor-element-6d78483\" data-id=\"6d78483\" data-element_type=\"column\">\n\t\t\t<div class=\"elementor-widget-wrap elementor-element-populated\">\n\t\t\t\t\t\t<div class=\"elementor-element elementor-element-dd84995 elementor-widget elementor-widget-image\" data-id=\"dd84995\" data-element_type=\"widget\" data-widget_type=\"image.default\">\n\t\t\t\t<div class=\"elementor-widget-container\">\n\t\t\t\t\t\t\t\t\t\t\t\t\t\t\t<img decoding=\"async\" src=\"https:\/\/altochacrascottage.com\/wp-content\/uploads\/elementor\/thumbs\/c618c4a1-1c5b-4f00-bbac-9d7cb676df18-qxe01kvxbcmcb1s48uqwhckpyqnh0y0lwkvmav2aeo.jpg\" title=\"c618c4a1-1c5b-4f00-bbac-9d7cb676df18\" alt=\"c618c4a1-1c5b-4f00-bbac-9d7cb676df18\" loading=\"lazy\" \/>\t\t\t\t\t\t\t\t\t\t\t\t\t\t\t<\/div>\n\t\t\t\t<\/div>\n\t\t\t\t\t<\/div>\n\t\t<\/div>\n\t\t\t\t<div class=\"elementor-column elementor-col-25 elementor-top-column elementor-element elementor-element-5b4cca4\" data-id=\"5b4cca4\" data-element_type=\"column\">\n\t\t\t<div class=\"elementor-widget-wrap elementor-element-populated\">\n\t\t\t\t\t\t<div class=\"elementor-element elementor-element-99775d3 elementor-widget elementor-widget-image\" data-id=\"99775d3\" data-element_type=\"widget\" data-widget_type=\"image.default\">\n\t\t\t\t<div class=\"elementor-widget-container\">\n\t\t\t\t\t\t\t\t\t\t\t\t\t\t\t<img fetchpriority=\"high\" decoding=\"async\" width=\"1920\" height=\"2560\" src=\"https:\/\/altochacrascottage.com\/wp-content\/uploads\/2024\/11\/IMG_3773-scaled.jpg\" class=\"attachment-full size-full wp-image-2241\" alt=\"\" srcset=\"https:\/\/altochacrascottage.com\/wp-content\/uploads\/2024\/11\/IMG_3773-scaled.jpg 1920w, https:\/\/altochacrascottage.com\/wp-content\/uploads\/2024\/11\/IMG_3773-225x300.jpg 225w, https:\/\/altochacrascottage.com\/wp-content\/uploads\/2024\/11\/IMG_3773-768x1024.jpg 768w, https:\/\/altochacrascottage.com\/wp-content\/uploads\/2024\/11\/IMG_3773-1152x1536.jpg 1152w, https:\/\/altochacrascottage.com\/wp-content\/uploads\/2024\/11\/IMG_3773-1536x2048.jpg 1536w\" sizes=\"(max-width: 1920px) 100vw, 1920px\" \/>\t\t\t\t\t\t\t\t\t\t\t\t\t\t\t<\/div>\n\t\t\t\t<\/div>\n\t\t\t\t\t<\/div>\n\t\t<\/div>\n\t\t\t\t\t<\/div>\n\t\t<\/section>\n\t\t\t\t<section class=\"elementor-section elementor-top-section elementor-element elementor-element-650fb20 elementor-section-boxed elementor-section-height-default elementor-section-height-default wpr-particle-no wpr-jarallax-no wpr-parallax-no wpr-sticky-section-no\" data-id=\"650fb20\" data-element_type=\"section\">\n\t\t\t\t\t\t<div class=\"elementor-container elementor-column-gap-default\">\n\t\t\t\t\t<div class=\"elementor-column elementor-col-25 elementor-top-column elementor-element elementor-element-58f6aef\" data-id=\"58f6aef\" data-element_type=\"column\">\n\t\t\t<div class=\"elementor-widget-wrap elementor-element-populated\">\n\t\t\t\t\t\t<div class=\"elementor-element elementor-element-1084bfc elementor-widget elementor-widget-image\" data-id=\"1084bfc\" data-element_type=\"widget\" data-widget_type=\"image.default\">\n\t\t\t\t<div class=\"elementor-widget-container\">\n\t\t\t\t\t\t\t\t\t\t\t\t\t\t\t<img decoding=\"async\" width=\"1920\" height=\"2560\" src=\"https:\/\/altochacrascottage.com\/wp-content\/uploads\/2024\/11\/IMG_5538-scaled.jpg\" class=\"attachment-full size-full wp-image-2243\" alt=\"\" srcset=\"https:\/\/altochacrascottage.com\/wp-content\/uploads\/2024\/11\/IMG_5538-scaled.jpg 1920w, https:\/\/altochacrascottage.com\/wp-content\/uploads\/2024\/11\/IMG_5538-225x300.jpg 225w, https:\/\/altochacrascottage.com\/wp-content\/uploads\/2024\/11\/IMG_5538-768x1024.jpg 768w, https:\/\/altochacrascottage.com\/wp-content\/uploads\/2024\/11\/IMG_5538-1152x1536.jpg 1152w, https:\/\/altochacrascottage.com\/wp-content\/uploads\/2024\/11\/IMG_5538-1536x2048.jpg 1536w\" sizes=\"(max-width: 1920px) 100vw, 1920px\" \/>\t\t\t\t\t\t\t\t\t\t\t\t\t\t\t<\/div>\n\t\t\t\t<\/div>\n\t\t\t\t\t<\/div>\n\t\t<\/div>\n\t\t\t\t<div class=\"elementor-column elementor-col-25 elementor-top-column elementor-element elementor-element-294c0fa\" data-id=\"294c0fa\" data-element_type=\"column\">\n\t\t\t<div class=\"elementor-widget-wrap elementor-element-populated\">\n\t\t\t\t\t\t<div class=\"elementor-element elementor-element-8747a83 elementor-widget elementor-widget-image\" data-id=\"8747a83\" data-element_type=\"widget\" data-widget_type=\"image.default\">\n\t\t\t\t<div class=\"elementor-widget-container\">\n\t\t\t\t\t\t\t\t\t\t\t\t\t\t\t<img decoding=\"async\" src=\"https:\/\/altochacrascottage.com\/wp-content\/uploads\/elementor\/thumbs\/IMG_8846-qxe02s4i1q9j541b8dfqo1nxagqcv0s9eivydla6gg.jpg\" title=\"IMG_8846\" alt=\"IMG_8846\" loading=\"lazy\" \/>\t\t\t\t\t\t\t\t\t\t\t\t\t\t\t<\/div>\n\t\t\t\t<\/div>\n\t\t\t\t\t<\/div>\n\t\t<\/div>\n\t\t\t\t<div class=\"elementor-column elementor-col-25 elementor-top-column elementor-element elementor-element-f458779\" data-id=\"f458779\" data-element_type=\"column\">\n\t\t\t<div class=\"elementor-widget-wrap elementor-element-populated\">\n\t\t\t\t\t\t<div class=\"elementor-element elementor-element-5ffcf02 elementor-widget elementor-widget-image\" data-id=\"5ffcf02\" data-element_type=\"widget\" data-widget_type=\"image.default\">\n\t\t\t\t<div class=\"elementor-widget-container\">\n\t\t\t\t\t\t\t\t\t\t\t\t\t\t\t<img decoding=\"async\" width=\"1920\" height=\"2560\" src=\"https:\/\/altochacrascottage.com\/wp-content\/uploads\/2024\/11\/IMG_3775-1-scaled.jpg\" class=\"attachment-full size-full wp-image-2265\" alt=\"\" srcset=\"https:\/\/altochacrascottage.com\/wp-content\/uploads\/2024\/11\/IMG_3775-1-scaled.jpg 1920w, https:\/\/altochacrascottage.com\/wp-content\/uploads\/2024\/11\/IMG_3775-1-225x300.jpg 225w, https:\/\/altochacrascottage.com\/wp-content\/uploads\/2024\/11\/IMG_3775-1-768x1024.jpg 768w, https:\/\/altochacrascottage.com\/wp-content\/uploads\/2024\/11\/IMG_3775-1-1152x1536.jpg 1152w, https:\/\/altochacrascottage.com\/wp-content\/uploads\/2024\/11\/IMG_3775-1-1536x2048.jpg 1536w\" sizes=\"(max-width: 1920px) 100vw, 1920px\" \/>\t\t\t\t\t\t\t\t\t\t\t\t\t\t\t<\/div>\n\t\t\t\t<\/div>\n\t\t\t\t\t<\/div>\n\t\t<\/div>\n\t\t\t\t<div class=\"elementor-column elementor-col-25 elementor-top-column elementor-element elementor-element-f803eec\" data-id=\"f803eec\" data-element_type=\"column\">\n\t\t\t<div class=\"elementor-widget-wrap elementor-element-populated\">\n\t\t\t\t\t\t<div class=\"elementor-element elementor-element-299f3d0 elementor-widget elementor-widget-image\" data-id=\"299f3d0\" data-element_type=\"widget\" data-widget_type=\"image.default\">\n\t\t\t\t<div class=\"elementor-widget-container\">\n\t\t\t\t\t\t\t\t\t\t\t\t\t\t\t<img loading=\"lazy\" decoding=\"async\" width=\"828\" height=\"1464\" src=\"https:\/\/altochacrascottage.com\/wp-content\/uploads\/2024\/11\/IMG_8849-1.jpg\" class=\"attachment-full size-full wp-image-2246\" alt=\"\" srcset=\"https:\/\/altochacrascottage.com\/wp-content\/uploads\/2024\/11\/IMG_8849-1.jpg 828w, https:\/\/altochacrascottage.com\/wp-content\/uploads\/2024\/11\/IMG_8849-1-170x300.jpg 170w, https:\/\/altochacrascottage.com\/wp-content\/uploads\/2024\/11\/IMG_8849-1-579x1024.jpg 579w, https:\/\/altochacrascottage.com\/wp-content\/uploads\/2024\/11\/IMG_8849-1-768x1358.jpg 768w\" sizes=\"(max-width: 828px) 100vw, 828px\" \/>\t\t\t\t\t\t\t\t\t\t\t\t\t\t\t<\/div>\n\t\t\t\t<\/div>\n\t\t\t\t\t<\/div>\n\t\t<\/div>\n\t\t\t\t\t<\/div>\n\t\t<\/section>\n\t\t\t\t<\/div>\n\t\t","protected":false},"excerpt":{"rendered":"<p>DESAYUNO NUESTROS SERVICIOS DESAYUNO Te invitamos a disfrutar de un desayuno casero, variado y elaborado en su mayor\u00eda por nosotros, con productos de nuestra huerta y de productores regionales.Nuestra propuesta va cambiando a lo largo de tu estad\u00eda para que cada ma\u00f1ana sea distinta, equilibrada y rica.\ud83e\udd50 Comidas \u2022 Frutas frescas de estaci\u00f3n \u2022 Pan casero com\u00fan e integral \u2022 Tortitas mendocinas \u2022 Fiambres \u2022 Panificados dulces caseros (budines, brownies, tartas, etc.) \u2022 Cereales \u2022 Huevos revueltos\u2615 Bebidas \u2022 Jugo de naranja natural \u2022 Agua saborizada \u2022 Caf\u00e9 \u2022 Infusiones \u2022 Leche \u2022 Yogurt caseroContamos tambi\u00e9n con opciones vegetarianas y sin TACC, avisando previamente para poder prepararlas.* El desayuno est\u00e1 incluido en la tarifa de las habitaciones y Tiny House Pimienta.* Opcional en Caba\u00f1a Crena.<\/p>\n","protected":false},"author":1,"featured_media":0,"parent":0,"menu_order":0,"comment_status":"closed","ping_status":"closed","template":"","meta":{"site-sidebar-layout":"no-sidebar","site-content-layout":"page-builder","ast-site-content-layout":"default","site-content-style":"default","site-sidebar-style":"default","ast-global-header-display":"","ast-banner-title-visibility":"","ast-main-header-display":"","ast-hfb-above-header-display":"","ast-hfb-below-header-display":"","ast-hfb-mobile-header-display":"","site-post-title":"disabled","ast-breadcrumbs-content":"disabled","ast-featured-img":"disabled","footer-sml-layout":"","ast-disable-related-posts":"","theme-transparent-header-meta":"enabled","adv-header-id-meta":"","stick-header-meta":"","header-above-stick-meta":"","header-main-stick-meta":"","header-below-stick-meta":"","astra-migrate-meta-layouts":"default","ast-page-background-enabled":"default","ast-page-background-meta":{"desktop":{"background-color":"","background-image":"","background-repeat":"repeat","background-position":"center center","background-size":"auto","background-attachment":"scroll","background-type":"","background-media":"","overlay-type":"","overlay-color":"","overlay-opacity":"","overlay-gradient":""},"tablet":{"background-color":"","background-image":"","background-repeat":"repeat","background-position":"center center","background-size":"auto","background-attachment":"scroll","background-type":"","background-media":"","overlay-type":"","overlay-color":"","overlay-opacity":"","overlay-gradient":""},"mobile":{"background-color":"","background-image":"","background-repeat":"repeat","background-position":"center center","background-size":"auto","background-attachment":"scroll","background-type":"","background-media":"","overlay-type":"","overlay-color":"","overlay-opacity":"","overlay-gradient":""}},"ast-content-background-meta":{"desktop":{"background-color":"var(--ast-global-color-5)","background-image":"","background-repeat":"repeat","background-position":"center center","background-size":"auto","background-attachment":"scroll","background-type":"","background-media":"","overlay-type":"","overlay-color":"","overlay-opacity":"","overlay-gradient":""},"tablet":{"background-color":"var(--ast-global-color-5)","background-image":"","background-repeat":"repeat","background-position":"center center","background-size":"auto","background-attachment":"scroll","background-type":"","background-media":"","overlay-type":"","overlay-color":"","overlay-opacity":"","overlay-gradient":""},"mobile":{"background-color":"var(--ast-global-color-5)","background-image":"","background-repeat":"repeat","background-position":"center center","background-size":"auto","background-attachment":"scroll","background-type":"","background-media":"","overlay-type":"","overlay-color":"","overlay-opacity":"","overlay-gradient":""}},"footnotes":""},"_links":{"self":[{"href":"https:\/\/altochacrascottage.com\/index.php?rest_route=\/wp\/v2\/pages\/1780"}],"collection":[{"href":"https:\/\/altochacrascottage.com\/index.php?rest_route=\/wp\/v2\/pages"}],"about":[{"href":"https:\/\/altochacrascottage.com\/index.php?rest_route=\/wp\/v2\/types\/page"}],"author":[{"embeddable":true,"href":"https:\/\/altochacrascottage.com\/index.php?rest_route=\/wp\/v2\/users\/1"}],"replies":[{"embeddable":true,"href":"https:\/\/altochacrascottage.com\/index.php?rest_route=%2Fwp%2Fv2%2Fcomments&post=1780"}],"version-history":[{"count":31,"href":"https:\/\/altochacrascottage.com\/index.php?rest_route=\/wp\/v2\/pages\/1780\/revisions"}],"predecessor-version":[{"id":2531,"href":"https:\/\/altochacrascottage.com\/index.php?rest_route=\/wp\/v2\/pages\/1780\/revisions\/2531"}],"wp:attachment":[{"href":"https:\/\/altochacrascottage.com\/index.php?rest_route=%2Fwp%2Fv2%2Fmedia&parent=1780"}],"curies":[{"name":"wp","href":"https:\/\/api.w.org\/{rel}","templated":true}]}}